{"id":3058,"date":"2024-12-26T22:23:16","date_gmt":"2024-12-26T22:23:16","guid":{"rendered":"https:\/\/mice-mpc.org\/?page_id=3058"},"modified":"2025-01-20T22:49:32","modified_gmt":"2025-01-20T22:49:32","slug":"comunidad-ccg","status":"publish","type":"page","link":"https:\/\/mice-mpc.org\/ccg\/comunidad-ccg\/","title":{"rendered":"Comunidad CCG"},"content":{"rendered":"<div class=\"wpb-content-wrapper\"><p>[vc_row content_placement=\u00bbmiddle\u00bb parallax_speed=\u00bb4&#8243; parallax_x=\u00bb4&#8243; parallax_y=\u00bb4&#8243; el_id=\u00bbCOMUNIDAD \u00c9LITE\u00bb][vc_column][vc_empty_space height=\u00bb50px\u00bb][vc_row_inner][vc_column_inner width=\u00bb1\/2&#8243;][vc_gallery type=\u00bbflexslider_slide\u00bb interval=\u00bb3&#8243; images=\u00bb3231&#8243; img_size=\u00bb800&#215;500&#8243; onclick=\u00bb\u00bb css_animation=\u00bbfadeInUp\u00bb][\/vc_column_inner][vc_column_inner width=\u00bb1\/2&#8243;][vc_empty_space height=\u00bb50px\u00bb][vc_empty_space height=\u00bb50px\u00bb][vc_column_text]<\/p>\n<hr \/>\n<p style=\"text-align: justify;\">La\u00a0<span style=\"color: #f79131;\"><strong>Comunidad CCG<\/strong><\/span>\u00a0representa la c\u00faspide de la excelencia en la industria de reuniones. Formada por empresas y organismos que han demostrado un firme compromiso con la competitividad y la calidad, solo aquellas que cumplen con los m\u00e1s altos est\u00e1ndares de profesionalismo y pr\u00e1cticas \u00e9ticas pueden unirse a este selecto grupo.<\/p>\n<p>[\/vc_column_text][\/vc_column_inner][\/vc_row_inner][\/vc_column][\/vc_row][vc_row full_width=\u00bbstretch_row\u00bb parallax_speed=\u00bb4&#8243; parallax_x=\u00bb4&#8243; parallax_y=\u00bb4&#8243; css=\u00bb.vc_custom_1735669230087{padding-top: 40px !important;padding-bottom: 40px !important;background-color: #f2f2f2 !important;}\u00bb el_id=\u00bbBeneficios Clave:\u00bb][vc_column css=\u00bb.vc_custom_1735671101732{background-color: #ffffff !important;}\u00bb][vc_single_image image=\u00bb3182&#8243; img_size=\u00bblarge\u00bb alignment=\u00bbcenter\u00bb css_animation=\u00bbfadeIn\u00bb][vc_column_text]<\/p>\n<h4 style=\"text-align: center;\"><span style=\"color: #f79131;\">Es sin\u00f3nimo competitividad, profesionalismo y liderazgo, siendo un referente para la industria de reuniones en M\u00e9xico y m\u00e1s all\u00e1. A trav\u00e9s de su compromiso con la competitividad global, estas empresas no solo destacan en el mercado nacional, sino que tambi\u00e9n elevan el prestigio y la capacidad de la industria mexicana en el \u00e1mbito internacional.<\/span><\/h4>\n<p>&nbsp;<\/p>\n<p>[\/vc_column_text][vc_empty_space height=\u00bb50px\u00bb][\/vc_column][\/vc_row][vc_row][vc_column][vc_empty_space]<div class=\"title-section  style3\">\n\t\t<h1 class=\"title\">\n\t\t\tMIEMBROS DE LA COMUNIDAD CCG\t\t\t\n\t\t<\/h1>\t\t\n\t\t\n\n\t<\/div>[vc_single_image image=\u00bb3795&#8243; img_size=\u00bblarge\u00bb alignment=\u00bbcenter\u00bb][\/vc_column][\/vc_row]<\/p>\n<\/div>","protected":false},"excerpt":{"rendered":"<p>[vc_row content_placement=\u00bbmiddle\u00bb parallax_speed=\u00bb4&#8243; parallax_x=\u00bb4&#8243; parallax_y=\u00bb4&#8243; el_id=\u00bbCOMUNIDAD \u00c9LITE\u00bb][vc_column][vc_empty_space height=\u00bb50px\u00bb][vc_row_inner][vc_column_inner width=\u00bb1\/2&#8243;][vc_gallery type=\u00bbflexslider_slide\u00bb interval=\u00bb3&#8243; images=\u00bb3231&#8243; img_size=\u00bb800&#215;500&#8243; onclick=\u00bb\u00bb css_animation=\u00bbfadeInUp\u00bb][\/vc_column_inner][vc_column_inner width=\u00bb1\/2&#8243;][vc_empty_space height=\u00bb50px\u00bb][vc_empty_space height=\u00bb50px\u00bb][vc_column_text] La\u00a0Comunidad CCG\u00a0representa la c\u00faspide de la excelencia en la industria de reuniones. Formada por empresas y organismos que han demostrado un firme compromiso con la competitividad y la calidad, solo aquellas que cumplen [&hellip;]<\/p>\n","protected":false},"author":1,"featured_media":0,"parent":0,"menu_order":0,"comment_status":"closed","ping_status":"closed","template":"","meta":{"footnotes":""},"class_list":["post-3058","page","type-page","status-publish","hentry"],"aioseo_notices":[],"_links":{"self":[{"href":"https:\/\/mice-mpc.org\/ccg\/wp-json\/wp\/v2\/pages\/3058","targetHints":{"allow":["GET"]}}],"collection":[{"href":"https:\/\/mice-mpc.org\/ccg\/wp-json\/wp\/v2\/pages"}],"about":[{"href":"https:\/\/mice-mpc.org\/ccg\/wp-json\/wp\/v2\/types\/page"}],"author":[{"embeddable":true,"href":"https:\/\/mice-mpc.org\/ccg\/wp-json\/wp\/v2\/users\/1"}],"replies":[{"embeddable":true,"href":"https:\/\/mice-mpc.org\/ccg\/wp-json\/wp\/v2\/comments?post=3058"}],"version-history":[{"count":69,"href":"https:\/\/mice-mpc.org\/ccg\/wp-json\/wp\/v2\/pages\/3058\/revisions"}],"predecessor-version":[{"id":3963,"href":"https:\/\/mice-mpc.org\/ccg\/wp-json\/wp\/v2\/pages\/3058\/revisions\/3963"}],"wp:attachment":[{"href":"https:\/\/mice-mpc.org\/ccg\/wp-json\/wp\/v2\/media?parent=3058"}],"curies":[{"name":"wp","href":"https:\/\/api.w.org\/{rel}","templated":true}]}}